{"id":20850,"date":"2024-01-03T16:32:30","date_gmt":"2024-01-03T16:32:30","guid":{"rendered":"https:\/\/www.bertschi-cafe.ch\/webseite\/notre-cafe\/max-havelaar\/"},"modified":"2024-02-26T20:51:51","modified_gmt":"2024-02-26T20:51:51","slug":"max-havelaar","status":"publish","type":"page","link":"https:\/\/www.bertschi-cafe.ch\/fr\/notre-cafe\/max-havelaar\/","title":{"rendered":"Max Havelaar"},"content":{"rendered":"\t\t<div data-elementor-type=\"wp-page\" data-elementor-id=\"20850\" class=\"elementor elementor-20850 elementor-4311\" data-elementor-post-type=\"page\">\n\t\t\t\t<div class=\"elementor-element elementor-element-3593c520 e-flex e-con-boxed e-con e-parent\" data-id=\"3593c520\" data-element_type=\"container\" data-e-type=\"container\" data-settings=\"{&quot;jet_parallax_layout_list&quot;:[],&quot;background_background&quot;:&quot;classic&quot;}\">\n\t\t\t\t\t<div class=\"e-con-inner\">\n\t\t<div class=\"elementor-element elementor-element-7b4bef5b e-flex e-con-boxed e-con e-child\" data-id=\"7b4bef5b\" data-element_type=\"container\" data-e-type=\"container\" data-settings=\"{&quot;background_background&quot;:&quot;classic&quot;,&quot;jet_parallax_layout_list&quot;:[]}\">\n\t\t\t\t\t<div class=\"e-con-inner\">\n\t\t\t\t<div class=\"elementor-element elementor-element-4eb297b8 elementor-widget elementor-widget-heading\" data-id=\"4eb297b8\" data-element_type=\"widget\" data-e-type=\"widget\" data-widget_type=\"heading.default\">\n\t\t\t\t<div class=\"elementor-widget-container\">\n\t\t\t\t\t<p class=\"elementor-heading-title elementor-size-default\">Max Havelaar<\/p>\t\t\t\t<\/div>\n\t\t\t\t<\/div>\n\t\t\t\t<div class=\"elementor-element elementor-element-324c87bd elementor-widget elementor-widget-heading\" data-id=\"324c87bd\" data-element_type=\"widget\" data-e-type=\"widget\" data-widget_type=\"heading.default\">\n\t\t\t\t<div class=\"elementor-widget-container\">\n\t\t\t\t\t<h1 class=\"elementor-heading-title elementor-size-default\">Le commerce \u00e9quitable est payant\n<\/h1>\t\t\t\t<\/div>\n\t\t\t\t<\/div>\n\t\t\t\t<div class=\"elementor-element elementor-element-b3be35e elementor-widget elementor-widget-spacer\" data-id=\"b3be35e\" data-element_type=\"widget\" data-e-type=\"widget\" data-widget_type=\"spacer.default\">\n\t\t\t\t<div class=\"elementor-widget-container\">\n\t\t\t\t\t\t\t<div class=\"elementor-spacer\">\n\t\t\t<div class=\"elementor-spacer-inner\"><\/div>\n\t\t<\/div>\n\t\t\t\t\t\t<\/div>\n\t\t\t\t<\/div>\n\t\t\t\t\t<\/div>\n\t\t\t\t<\/div>\n\t\t\t\t\t<\/div>\n\t\t\t\t<\/div>\n\t\t<div class=\"elementor-element elementor-element-c02e002 e-flex e-con-boxed e-con e-parent\" data-id=\"c02e002\" data-element_type=\"container\" data-e-type=\"container\" id=\"angebot\" data-settings=\"{&quot;jet_parallax_layout_list&quot;:[]}\">\n\t\t\t\t\t<div class=\"e-con-inner\">\n\t\t<div class=\"elementor-element elementor-element-f768124 e-flex e-con-boxed e-con e-child\" data-id=\"f768124\" data-element_type=\"container\" data-e-type=\"container\" data-settings=\"{&quot;jet_parallax_layout_list&quot;:[]}\">\n\t\t\t\t\t<div class=\"e-con-inner\">\n\t\t\t\t<div class=\"elementor-element elementor-element-6c7fccb elementor-widget elementor-widget-text-editor\" data-id=\"6c7fccb\" data-element_type=\"widget\" data-e-type=\"widget\" data-widget_type=\"text-editor.default\">\n\t\t\t\t<div class=\"elementor-widget-container\">\n\t\t\t\t\t\t\t\t\t<p>La Fondation Max Havelaar, cr\u00e9\u00e9e en 1992, attribue en Suisse le label Fairtrade \u00e0 des produits fabriqu\u00e9s selon des crit\u00e8res sociaux et \u00e9cologiques stricts et commercialis\u00e9s de mani\u00e8re \u00e9quitable. Les t\u00e2ches principales de la Fondation Max Havelaar sont la cr\u00e9ation d&rsquo;un acc\u00e8s au march\u00e9 pour les produits issus du commerce \u00e9quitable ainsi que le travail d&rsquo;information et de sensibilisation au commerce \u00e9quitable en Suisse.<\/p>\n\t\t\t\t\t\t\t\t<\/div>\n\t\t\t\t<\/div>\n\t\t\t\t\t<\/div>\n\t\t\t\t<\/div>\n\t\t\t\t\t<\/div>\n\t\t\t\t<\/div>\n\t\t<div class=\"elementor-element elementor-element-eee038a e-flex e-con-boxed e-con e-parent\" data-id=\"eee038a\" data-element_type=\"container\" data-e-type=\"container\" data-settings=\"{&quot;jet_parallax_layout_list&quot;:[]}\">\n\t\t\t\t\t<div class=\"e-con-inner\">\n\t\t\t\t<div class=\"elementor-element elementor-element-4ff3f95 elementor-widget elementor-widget-text-editor\" data-id=\"4ff3f95\" data-element_type=\"widget\" data-e-type=\"widget\" data-widget_type=\"text-editor.default\">\n\t\t\t\t<div class=\"elementor-widget-container\">\n\t\t\t\t\t\t\t\t\t<h2>Organisations fondatrices<\/h2>\n<p>Swissaid, Action de Car\u00eame, Caritas, EPER, Helvetas, Pain pour le prochain<\/p>\n<h2>Pourquoi le commerce \u00e9quitable ?<\/h2>\n<p>Le commerce \u00e9quitable renforce les petits producteurs et les travailleurs des plantations dans les pays en d\u00e9veloppement et \u00e9mergents, afin qu&rsquo;ils puissent am\u00e9liorer durablement leurs conditions de vie par leurs propres moyens. Les instruments centraux pour y parvenir sont des conditions commerciales \u00e9quitables, des organisations de producteurs fortes, la stabilit\u00e9 des prix, des primes, une culture durable et un soutien sur place. Les petits producteurs et les travailleurs du commerce \u00e9quitable ont une voix, sont pris en compte et prennent des d\u00e9cisions d\u00e9mocratiques. De plus, en tant que copropri\u00e9taires \u00e0 part enti\u00e8re du syst\u00e8me Fairtrade, les producteurs jouent un r\u00f4le actif dans le d\u00e9veloppement du commerce \u00e9quitable.<\/p>\n<h2>Que signifie le label de qualit\u00e9 ?<\/h2>\n<p>Le label Fairtrade garantit des produits cultiv\u00e9s de mani\u00e8re durable et issus du commerce \u00e9quitable. Le commerce \u00e9quitable poursuit une approche globale dans laquelle, outre les exigences en mati\u00e8re de culture durable, l&rsquo;organisation d\u00e9mocratique des producteurs et le commerce \u00e9quitable sont essentiels.<\/p>\n<h2>Quel est l&rsquo;impact du commerce \u00e9quitable ?<\/h2>\n<ul>\n<li>Am\u00e9lioration des revenus et de la stabilit\u00e9 financi\u00e8re des petits agriculteurs<\/li>\n<li>Conditions de travail r\u00e9glement\u00e9es et meilleure protection de la sant\u00e9 pour les travailleurs des plantations<\/li>\n<li>Autod\u00e9termination et prise de responsabilit\u00e9 gr\u00e2ce \u00e0 la cogestion dans des coop\u00e9ratives et des comit\u00e9s de travailleurs organis\u00e9s d\u00e9mocratiquement<\/li>\n<li>Les primes du commerce \u00e9quitable permettent non seulement d&rsquo;investir dans la productivit\u00e9 et la qualit\u00e9, mais aussi dans des projets de d\u00e9veloppement tels que la construction d&rsquo;\u00e9coles, des investissements dans des projets d&rsquo;eau ou des soins m\u00e9dicaux.<\/li>\n<li>Une contribution importante au d\u00e9veloppement des zones rurales<\/li>\n<li>Protection des ressources naturelles et promotion de l&rsquo;agriculture biologique<\/li>\n<\/ul>\n<h2>Le march\u00e9 suisse du commerce \u00e9quitable<\/h2>\n<p>Le label Fairtrade Max Havelaar existe en Suisse pour environ 3000 produits dans le domaine alimentaire et non alimentaire. Plus de 250 licenci\u00e9s, plus de 1 100 \u00e9tablissements de restauration et de nombreux restaurants du personnel proposent des produits Fairtrade. Le chiffre d&rsquo;affaires annuel par habitant r\u00e9alis\u00e9 avec les produits Fairtrade est de 94 francs en Suisse &#8211; le chiffre le plus \u00e9lev\u00e9 au monde. Les consommateurs suisses ont ainsi permis de r\u00e9colter environ 11,5 millions de CHF de primes en 2019.<\/p>\n<p>Fairtrade Max Havelaar est le label de durabilit\u00e9 le plus connu en Suisse, avec les taux d&rsquo;approbation et de confiance les plus \u00e9lev\u00e9s.<\/p>\n<p>Source : Max Havelaar (Fondation) Suisse<br \/>Informations compl\u00e8tes directement sur :<br \/><a href=\"https:\/\/www.maxhavelaar.ch\/\" target=\"_blank\" rel=\"noopener\">www.maxhavelaar.ch<\/a><\/p>\n\t\t\t\t\t\t\t\t<\/div>\n\t\t\t\t<\/div>\n\t\t\t\t\t<\/div>\n\t\t\t\t<\/div>\n\t\t\t\t<\/div>\n\t\t","protected":false},"excerpt":{"rendered":"<p>Max Havelaar Le commerce \u00e9quitable est payant La Fondation Max Havelaar, cr\u00e9\u00e9e en 1992, attribue en Suisse le label Fairtrade \u00e0 des produits fabriqu\u00e9s selon des crit\u00e8res sociaux et \u00e9cologiques stricts et commercialis\u00e9s de mani\u00e8re \u00e9quitable. Les t\u00e2ches principales de la Fondation Max Havelaar sont la cr\u00e9ation d&rsquo;un acc\u00e8s au march\u00e9 pour les produits issus [&hellip;]<\/p>\n","protected":false},"author":2,"featured_media":0,"parent":20847,"menu_order":0,"comment_status":"closed","ping_status":"closed","template":"","meta":{"_acf_changed":false,"_coblocks_attr":"","_coblocks_dimensions":"","_coblocks_responsive_height":"","_coblocks_accordion_ie_support":"","inline_featured_image":false,"_monsterinsights_skip_tracking":false,"_monsterinsights_sitenote_active":false,"_monsterinsights_sitenote_note":"","_monsterinsights_sitenote_category":0,"footnotes":""},"class_list":["post-20850","page","type-page","status-publish","hentry"],"acf":[],"aioseo_notices":[],"_links":{"self":[{"href":"https:\/\/www.bertschi-cafe.ch\/fr\/wp-json\/wp\/v2\/pages\/20850","targetHints":{"allow":["GET"]}}],"collection":[{"href":"https:\/\/www.bertschi-cafe.ch\/fr\/wp-json\/wp\/v2\/pages"}],"about":[{"href":"https:\/\/www.bertschi-cafe.ch\/fr\/wp-json\/wp\/v2\/types\/page"}],"author":[{"embeddable":true,"href":"https:\/\/www.bertschi-cafe.ch\/fr\/wp-json\/wp\/v2\/users\/2"}],"replies":[{"embeddable":true,"href":"https:\/\/www.bertschi-cafe.ch\/fr\/wp-json\/wp\/v2\/comments?post=20850"}],"version-history":[{"count":0,"href":"https:\/\/www.bertschi-cafe.ch\/fr\/wp-json\/wp\/v2\/pages\/20850\/revisions"}],"up":[{"embeddable":true,"href":"https:\/\/www.bertschi-cafe.ch\/fr\/wp-json\/wp\/v2\/pages\/20847"}],"wp:attachment":[{"href":"https:\/\/www.bertschi-cafe.ch\/fr\/wp-json\/wp\/v2\/media?parent=20850"}],"curies":[{"name":"wp","href":"https:\/\/api.w.org\/{rel}","templated":true}]}}