{"id":20829,"date":"2024-01-03T16:28:16","date_gmt":"2024-01-03T16:28:16","guid":{"rendered":"https:\/\/www.bertschi-cafe.ch\/webseite\/bio-suisse\/"},"modified":"2024-02-26T20:51:57","modified_gmt":"2024-02-26T20:51:57","slug":"bio-suisse","status":"publish","type":"page","link":"https:\/\/www.bertschi-cafe.ch\/fr\/notre-cafe\/bio-suisse\/","title":{"rendered":"Bio Suisse"},"content":{"rendered":"\t\t<div data-elementor-type=\"wp-page\" data-elementor-id=\"20829\" class=\"elementor elementor-20829 elementor-4305\" data-elementor-post-type=\"page\">\n\t\t\t\t<div class=\"elementor-element elementor-element-3593c520 e-flex e-con-boxed e-con e-parent\" data-id=\"3593c520\" data-element_type=\"container\" data-e-type=\"container\" data-settings=\"{&quot;jet_parallax_layout_list&quot;:[],&quot;background_background&quot;:&quot;classic&quot;}\">\n\t\t\t\t\t<div class=\"e-con-inner\">\n\t\t<div class=\"elementor-element elementor-element-7b4bef5b e-flex e-con-boxed e-con e-child\" data-id=\"7b4bef5b\" data-element_type=\"container\" data-e-type=\"container\" data-settings=\"{&quot;background_background&quot;:&quot;classic&quot;,&quot;jet_parallax_layout_list&quot;:[]}\">\n\t\t\t\t\t<div class=\"e-con-inner\">\n\t\t\t\t<div class=\"elementor-element elementor-element-4eb297b8 elementor-widget elementor-widget-heading\" data-id=\"4eb297b8\" data-element_type=\"widget\" data-e-type=\"widget\" data-widget_type=\"heading.default\">\n\t\t\t\t<div class=\"elementor-widget-container\">\n\t\t\t\t\t<p class=\"elementor-heading-title elementor-size-default\">Bio Suisse<\/p>\t\t\t\t<\/div>\n\t\t\t\t<\/div>\n\t\t\t\t<div class=\"elementor-element elementor-element-324c87bd elementor-widget elementor-widget-heading\" data-id=\"324c87bd\" data-element_type=\"widget\" data-e-type=\"widget\" data-widget_type=\"heading.default\">\n\t\t\t\t<div class=\"elementor-widget-container\">\n\t\t\t\t\t<h1 class=\"elementor-heading-title elementor-size-default\">En harmonie avec la nature<\/h1>\t\t\t\t<\/div>\n\t\t\t\t<\/div>\n\t\t\t\t<div class=\"elementor-element elementor-element-b3be35e elementor-widget elementor-widget-spacer\" data-id=\"b3be35e\" data-element_type=\"widget\" data-e-type=\"widget\" data-widget_type=\"spacer.default\">\n\t\t\t\t<div class=\"elementor-widget-container\">\n\t\t\t\t\t\t\t<div class=\"elementor-spacer\">\n\t\t\t<div class=\"elementor-spacer-inner\"><\/div>\n\t\t<\/div>\n\t\t\t\t\t\t<\/div>\n\t\t\t\t<\/div>\n\t\t\t\t\t<\/div>\n\t\t\t\t<\/div>\n\t\t\t\t\t<\/div>\n\t\t\t\t<\/div>\n\t\t<div class=\"elementor-element elementor-element-c02e002 e-flex e-con-boxed e-con e-parent\" data-id=\"c02e002\" data-element_type=\"container\" data-e-type=\"container\" id=\"angebot\" data-settings=\"{&quot;jet_parallax_layout_list&quot;:[]}\">\n\t\t\t\t\t<div class=\"e-con-inner\">\n\t\t<div class=\"elementor-element elementor-element-f768124 e-flex e-con-boxed e-con e-child\" data-id=\"f768124\" data-element_type=\"container\" data-e-type=\"container\" data-settings=\"{&quot;jet_parallax_layout_list&quot;:[]}\">\n\t\t\t\t\t<div class=\"e-con-inner\">\n\t\t\t\t<div class=\"elementor-element elementor-element-6c7fccb elementor-widget elementor-widget-text-editor\" data-id=\"6c7fccb\" data-element_type=\"widget\" data-e-type=\"widget\" data-widget_type=\"text-editor.default\">\n\t\t\t\t<div class=\"elementor-widget-container\">\n\t\t\t\t\t\t\t\t\t<p>Deux tiers des Suisses mangent r\u00e9guli\u00e8rement bio. Et ils sont de plus en plus nombreux. Ils appr\u00e9cient le caract\u00e8re naturel, le go\u00fbt authentique et la s\u00e9curit\u00e9 des produits bio. Les aliments Bourgeon sont produits en harmonie avec la nature. Ils sont fabriqu\u00e9s dans le plus grand respect de l&rsquo;environnement et sont synonymes de qualit\u00e9 sup\u00e9rieure, de finition soign\u00e9e, de directives strictes et de contr\u00f4les ind\u00e9pendants. Ils garantissent ainsi une qualit\u00e9 biologique particuli\u00e8rement \u00e9lev\u00e9e.<\/p>\n\t\t\t\t\t\t\t\t<\/div>\n\t\t\t\t<\/div>\n\t\t\t\t\t<\/div>\n\t\t\t\t<\/div>\n\t\t\t\t\t<\/div>\n\t\t\t\t<\/div>\n\t\t<div class=\"elementor-element elementor-element-eee038a e-flex e-con-boxed e-con e-parent\" data-id=\"eee038a\" data-element_type=\"container\" data-e-type=\"container\" data-settings=\"{&quot;jet_parallax_layout_list&quot;:[]}\">\n\t\t\t\t\t<div class=\"e-con-inner\">\n\t\t\t\t<div class=\"elementor-element elementor-element-4ff3f95 elementor-widget elementor-widget-text-editor\" data-id=\"4ff3f95\" data-element_type=\"widget\" data-e-type=\"widget\" data-widget_type=\"text-editor.default\">\n\t\t\t\t<div class=\"elementor-widget-container\">\n\t\t\t\t\t\t\t\t\t<h2>Cons\u00e9quent depuis 1981<\/h2>\n<p>Bio Suisse s&rsquo;engage depuis 1981 pour une plus grande durabilit\u00e9 dans l&rsquo;agriculture. Plus de 5700 entreprises agricoles et horticoles Bourgeon sont affili\u00e9es \u00e0 la F\u00e9d\u00e9ration et g\u00e8rent syst\u00e9matiquement l&rsquo;ensemble de leur exploitation selon le Cahier des charges de Bio Suisse &#8211; l&rsquo;une des normes bio les plus strictes au monde. D&rsquo;ailleurs, plus de 800 entreprises de transformation et de commerce licenci\u00e9es s&rsquo;y conforment pour travailler avec leurs produits Bourgeon. Bio Suisse d\u00e9veloppe en permanence la qualit\u00e9 \u00e9lev\u00e9e du Bourgeon. En plus de ses objectifs \u00e9cologiques, Bio Suisse s&rsquo;engage \u00e9galement pour des conditions sociales, \u00e9quitables et transparentes dans l&rsquo;ensemble du secteur bio.<\/p>\n<h2>Promouvoir la diversit\u00e9 &#8211; pr\u00e9server l&rsquo;environnement<\/h2>\n<p>Le Bourgeon s&rsquo;engage depuis toujours pour la durabilit\u00e9, la biodiversit\u00e9 et la protection des ressources. En renon\u00e7ant syst\u00e9matiquement aux engrais artificiels et aux pesticides chimiques de synth\u00e8se, en cultivant un sol le plus souvent enherb\u00e9 et couvert et en pratiquant des cultures vari\u00e9es, les agriculteurs Bourgeon maintiennent la fertilit\u00e9 du sol et prot\u00e8gent l&rsquo;eau, le sol, l&rsquo;air et les \u00eatres vivants contre les toxines environnementales. Bio Suisse mise de mani\u00e8re cibl\u00e9e sur la protection du climat. Le transport a\u00e9rien des aliments Bourgeon est interdit. Les produits Bourgeon sont en outre emball\u00e9s de mani\u00e8re \u00e9cologique et respectueuse de l&rsquo;environnement.<\/p>\n<h2>Confiance et \u00e9quit\u00e9<\/h2>\n<p>Vous pouvez faire confiance aux produits Bourgeon. Les exploitations biologiques \u00e9trang\u00e8res doivent respecter les m\u00eames normes que les exploitations en Suisse et sont \u00e9galement r\u00e9guli\u00e8rement contr\u00f4l\u00e9es par des organismes ind\u00e9pendants. La devise est l&rsquo;\u00e9quit\u00e9 : Bio Suisse s&rsquo;engage en Suisse et pour les produits import\u00e9s en faveur d&rsquo;une formation des prix \u00e9quitable et de normes sociales dans les exploitations.<\/p>\n<h2>Une marque tangible<\/h2>\n<p>Le Bourgeon, la marque de Bio Suisse, d\u00e9clare l&rsquo;origine des produits et garantit leur authenticit\u00e9 et leur qualit\u00e9. Plus de 80 pour cent des produits Bourgeon proviennent de Suisse &#8211; ce qui implique aussi des trajets courts jusqu&rsquo;au magasin.<\/p>\n<h2>Le bourgeon bio<\/h2>\n<p>Le produit contient plus de 10 pour cent de mati\u00e8res premi\u00e8res import\u00e9es. Ceux-ci sont soumis \u00e0 des directives et des contr\u00f4les \u00e9quivalents \u00e0 ceux des produits Bourgeon suisses.<\/p>\n<p>Source : Bio Suisse<br \/>Informations compl\u00e8tes directement sur :<br \/><a href=\"https:\/\/www.bio-suisse.ch\/de.html\" target=\"_blank\" rel=\"noopener\">www.biosuisse.ch<\/a><\/p>\n\t\t\t\t\t\t\t\t<\/div>\n\t\t\t\t<\/div>\n\t\t\t\t\t<\/div>\n\t\t\t\t<\/div>\n\t\t\t\t<\/div>\n\t\t","protected":false},"excerpt":{"rendered":"<p>Bio Suisse En harmonie avec la nature Deux tiers des Suisses mangent r\u00e9guli\u00e8rement bio. Et ils sont de plus en plus nombreux. Ils appr\u00e9cient le caract\u00e8re naturel, le go\u00fbt authentique et la s\u00e9curit\u00e9 des produits bio. Les aliments Bourgeon sont produits en harmonie avec la nature. Ils sont fabriqu\u00e9s dans le plus grand respect de [&hellip;]<\/p>\n","protected":false},"author":2,"featured_media":0,"parent":20847,"menu_order":0,"comment_status":"closed","ping_status":"closed","template":"","meta":{"_acf_changed":false,"_coblocks_attr":"","_coblocks_dimensions":"","_coblocks_responsive_height":"","_coblocks_accordion_ie_support":"","inline_featured_image":false,"_monsterinsights_skip_tracking":false,"_monsterinsights_sitenote_active":false,"_monsterinsights_sitenote_note":"","_monsterinsights_sitenote_category":0,"footnotes":""},"class_list":["post-20829","page","type-page","status-publish","hentry"],"acf":[],"aioseo_notices":[],"_links":{"self":[{"href":"https:\/\/www.bertschi-cafe.ch\/fr\/wp-json\/wp\/v2\/pages\/20829","targetHints":{"allow":["GET"]}}],"collection":[{"href":"https:\/\/www.bertschi-cafe.ch\/fr\/wp-json\/wp\/v2\/pages"}],"about":[{"href":"https:\/\/www.bertschi-cafe.ch\/fr\/wp-json\/wp\/v2\/types\/page"}],"author":[{"embeddable":true,"href":"https:\/\/www.bertschi-cafe.ch\/fr\/wp-json\/wp\/v2\/users\/2"}],"replies":[{"embeddable":true,"href":"https:\/\/www.bertschi-cafe.ch\/fr\/wp-json\/wp\/v2\/comments?post=20829"}],"version-history":[{"count":0,"href":"https:\/\/www.bertschi-cafe.ch\/fr\/wp-json\/wp\/v2\/pages\/20829\/revisions"}],"up":[{"embeddable":true,"href":"https:\/\/www.bertschi-cafe.ch\/fr\/wp-json\/wp\/v2\/pages\/20847"}],"wp:attachment":[{"href":"https:\/\/www.bertschi-cafe.ch\/fr\/wp-json\/wp\/v2\/media?parent=20829"}],"curies":[{"name":"wp","href":"https:\/\/api.w.org\/{rel}","templated":true}]}}