{"id":20114,"date":"2024-01-06T16:13:55","date_gmt":"2024-01-06T16:13:55","guid":{"rendered":"https:\/\/www.bertschi-cafe.ch\/webseite\/cheques-cadeaux\/"},"modified":"2024-02-26T20:51:46","modified_gmt":"2024-02-26T20:51:46","slug":"bons-cadeaux","status":"publish","type":"page","link":"https:\/\/www.bertschi-cafe.ch\/fr\/bons-cadeaux\/","title":{"rendered":"Ch\u00e8ques-cadeaux"},"content":{"rendered":"\t\t<div data-elementor-type=\"wp-page\" data-elementor-id=\"20114\" class=\"elementor elementor-20114 elementor-4679\" data-elementor-post-type=\"page\">\n\t\t\t\t<div class=\"elementor-element elementor-element-27372e2 e-flex e-con-boxed e-con e-parent\" data-id=\"27372e2\" data-element_type=\"container\" data-e-type=\"container\" data-settings=\"{&quot;jet_parallax_layout_list&quot;:[]}\">\n\t\t\t\t\t<div class=\"e-con-inner\">\n\t\t<div class=\"elementor-element elementor-element-d4f2520 e-con-full e-flex e-con e-child\" data-id=\"d4f2520\" data-element_type=\"container\" data-e-type=\"container\" data-settings=\"{&quot;jet_parallax_layout_list&quot;:[]}\">\n\t\t\t\t<div class=\"elementor-element elementor-element-6af93f4 elementor-widget elementor-widget-heading\" data-id=\"6af93f4\" data-element_type=\"widget\" data-e-type=\"widget\" data-widget_type=\"heading.default\">\n\t\t\t\t<div class=\"elementor-widget-container\">\n\t\t\t\t\t<p class=\"elementor-heading-title elementor-size-default\">Bons d'achat<\/p>\t\t\t\t<\/div>\n\t\t\t\t<\/div>\n\t\t\t\t<div class=\"elementor-element elementor-element-477e7bf elementor-widget elementor-widget-heading\" data-id=\"477e7bf\" data-element_type=\"widget\" data-e-type=\"widget\" data-widget_type=\"heading.default\">\n\t\t\t\t<div class=\"elementor-widget-container\">\n\t\t\t\t\t<h1 class=\"elementor-heading-title elementor-size-default\">Ch\u00e8ques-cadeaux<\/h1>\t\t\t\t<\/div>\n\t\t\t\t<\/div>\n\t\t\t\t<div class=\"elementor-element elementor-element-6f4a2d0 elementor-widget elementor-widget-text-editor\" data-id=\"6f4a2d0\" data-element_type=\"widget\" data-e-type=\"widget\" data-widget_type=\"text-editor.default\">\n\t\t\t\t<div class=\"elementor-widget-container\">\n\t\t\t\t\t\t\t\t\t<p>Offrez le vrai plaisir du caf\u00e9 avec un bon de Bertschi-Caf\u00e9.<\/p>\n\t\t\t\t\t\t\t\t<\/div>\n\t\t\t\t<\/div>\n\t\t\t\t<\/div>\n\t\t<div class=\"elementor-element elementor-element-89c9115 e-con-full e-flex e-con e-child\" data-id=\"89c9115\" data-element_type=\"container\" data-e-type=\"container\" data-settings=\"{&quot;jet_parallax_layout_list&quot;:[]}\">\n\t\t\t\t<div class=\"elementor-element elementor-element-b6f3b2e elementor-widget elementor-widget-image\" data-id=\"b6f3b2e\" data-element_type=\"widget\" data-e-type=\"widget\" data-widget_type=\"image.default\">\n\t\t\t\t<div class=\"elementor-widget-container\">\n\t\t\t\t\t\t\t\t\t\t\t\t\t\t\t<img decoding=\"async\" width=\"943\" height=\"720\" src=\"https:\/\/www.bertschi-cafe.ch\/webseite\/wp-content\/uploads\/2023\/12\/bertschi-shop-e1705062371525.jpg\" class=\"attachment-full size-full wp-image-19819\" alt=\"\" srcset=\"https:\/\/www.bertschi-cafe.ch\/webseite\/wp-content\/uploads\/2023\/12\/bertschi-shop-e1705062371525.jpg 943w, https:\/\/www.bertschi-cafe.ch\/webseite\/wp-content\/uploads\/2023\/12\/bertschi-shop-e1705062371525-300x229.jpg 300w, https:\/\/www.bertschi-cafe.ch\/webseite\/wp-content\/uploads\/2023\/12\/bertschi-shop-e1705062371525-768x586.jpg 768w, https:\/\/www.bertschi-cafe.ch\/webseite\/wp-content\/uploads\/2023\/12\/bertschi-shop-e1705062371525-600x458.jpg 600w\" sizes=\"(max-width: 943px) 100vw, 943px\" \/>\t\t\t\t\t\t\t\t\t\t\t\t\t\t\t<\/div>\n\t\t\t\t<\/div>\n\t\t\t\t<\/div>\n\t\t\t\t\t<\/div>\n\t\t\t\t<\/div>\n\t\t<div class=\"elementor-element elementor-element-24fe54da e-flex e-con-boxed e-con e-parent\" data-id=\"24fe54da\" data-element_type=\"container\" data-e-type=\"container\" data-settings=\"{&quot;jet_parallax_layout_list&quot;:[]}\">\n\t\t\t\t\t<div class=\"e-con-inner\">\n\t\t<div class=\"elementor-element elementor-element-5b05c70e elementor-hidden-mobile e-flex e-con-boxed e-con e-child\" data-id=\"5b05c70e\" data-element_type=\"container\" data-e-type=\"container\" data-settings=\"{&quot;jet_parallax_layout_list&quot;:[]}\">\n\t\t\t\t\t<div class=\"e-con-inner\">\n\t\t<div class=\"elementor-element elementor-element-3fb09410 e-con-full e-flex e-con e-child\" data-id=\"3fb09410\" data-element_type=\"container\" data-e-type=\"container\" data-settings=\"{&quot;jet_parallax_layout_list&quot;:[]}\">\n\t\t\t\t<div class=\"elementor-element elementor-element-79ce19e elementor-widget elementor-widget-text-editor\" data-id=\"79ce19e\" data-element_type=\"widget\" data-e-type=\"widget\" id=\"products-count\" data-widget_type=\"text-editor.default\">\n\t\t\t\t<div class=\"elementor-widget-container\">\n\t\t\t\t\t\t\t\t\t<p>0 produits<\/p>\n\t\t\t\t\t\t\t\t<\/div>\n\t\t\t\t<\/div>\n\t\t\t\t<div class=\"elementor-element elementor-element-f666c89 elementor-widget elementor-widget-html\" data-id=\"f666c89\" data-element_type=\"widget\" data-e-type=\"widget\" data-widget_type=\"html.default\">\n\t\t\t\t<div class=\"elementor-widget-container\">\n\t\t\t\t\t<script>document.addEventListener('DOMContentLoaded', function () {\n        var productCount = document.querySelectorAll('ul.products li.product').length;\n        var resultCountElement = document.querySelector('#products-count');\n        if (resultCountElement) {\n            var lang = document.documentElement.lang;\n            var text;\n\n            if (lang.includes('fr')) {\n                text = productCount + (productCount === 1 ? ' Produit' : ' Produits');\n            } else if (lang.includes('it')) {\n                text = productCount + (productCount === 1 ? ' Prodotto' : ' Prodotti');\n            } else {\n                text = productCount + (productCount === 1 ? ' Produkt' : ' Produkte');\n            }\n    \n            resultCountElement.textContent = text;\n        }\n    });\n<\/script>\t\t\t\t<\/div>\n\t\t\t\t<\/div>\n\t\t\t\t<\/div>\n\t\t\t\t\t<\/div>\n\t\t\t\t<\/div>\n\t\t\t\t\t<\/div>\n\t\t\t\t<\/div>\n\t\t<div class=\"elementor-element elementor-element-165b36f e-flex e-con-boxed e-con e-parent\" data-id=\"165b36f\" data-element_type=\"container\" data-e-type=\"container\" data-settings=\"{&quot;jet_parallax_layout_list&quot;:[]}\">\n\t\t\t\t\t<div class=\"e-con-inner\">\n\t\t\t\t<div class=\"elementor-element elementor-element-2af8a28 elementor-grid-3 elementor-product-loop-item--align-center elementor-grid-tablet-2 elementor-grid-mobile-1 elementor-products-grid elementor-wc-products elementor-widget elementor-widget-woocommerce-products\" data-id=\"2af8a28\" data-element_type=\"widget\" data-e-type=\"widget\" data-widget_type=\"woocommerce-products.default\">\n\t\t\t\t<div class=\"elementor-widget-container\">\n\t\t\t\t\t<div class=\"woocommerce columns-3 \"><ul class=\"products elementor-grid columns-3\">\n<li class=\"product type-product post-20584 status-publish first instock product_cat-gutscheine has-post-thumbnail purchasable product-type-simple\">\n\t<a href=\"https:\/\/www.bertschi-cafe.ch\/fr\/produit\/bon-cadeau-chf-100\/\" class=\"woocommerce-LoopProduct-link woocommerce-loop-product__link\"><img decoding=\"async\" width=\"300\" height=\"300\" src=\"https:\/\/www.bertschi-cafe.ch\/webseite\/wp-content\/uploads\/2024\/01\/bertschi-cafe-100-geschenkgutschein-300x300.jpg\" class=\"attachment-woocommerce_thumbnail size-woocommerce_thumbnail\" alt=\"Bon cadeau CHF 100\" srcset=\"https:\/\/www.bertschi-cafe.ch\/webseite\/wp-content\/uploads\/2024\/01\/bertschi-cafe-100-geschenkgutschein-300x300.jpg 300w, https:\/\/www.bertschi-cafe.ch\/webseite\/wp-content\/uploads\/2024\/01\/bertschi-cafe-100-geschenkgutschein-150x150.jpg 150w, https:\/\/www.bertschi-cafe.ch\/webseite\/wp-content\/uploads\/2024\/01\/bertschi-cafe-100-geschenkgutschein-100x100.jpg 100w, https:\/\/www.bertschi-cafe.ch\/webseite\/wp-content\/uploads\/2024\/01\/bertschi-cafe-100-geschenkgutschein.jpg 600w\" sizes=\"(max-width: 300px) 100vw, 300px\" \/><h2 class=\"woocommerce-loop-product__title\">Bon cadeau CHF 100<\/h2>\n\t<span class=\"price\"><span class=\"woocommerce-Price-amount amount\"><bdi><span class=\"woocommerce-Price-currencySymbol\">&#67;&#72;&#70;<\/span>&nbsp;100.00<\/bdi><\/span><\/span>\n<\/a><div class=\"custom-group\"><span class=\"price\"><span class=\"woocommerce-Price-amount amount\"><bdi><span class=\"woocommerce-Price-currencySymbol\">&#67;&#72;&#70;<\/span>&nbsp;100.00<\/bdi><\/span><\/span><div class=\"woocommerce-loop-product__buttons\"><a href=\"\/fr\/wp-json\/wp\/v2\/pages\/20114?add-to-cart=20584\" aria-describedby=\"woocommerce_loop_add_to_cart_link_describedby_20584\" data-quantity=\"1\" class=\"button product_type_simple add_to_cart_button ajax_add_to_cart\" data-product_id=\"20584\" data-product_sku=\"1f8d87e1161a\" aria-label=\"Ajouter au panier\u00a0: &ldquo;Bon cadeau CHF 100&rdquo;\" rel=\"nofollow\" data-success_message=\"\u00ab\u00a0Bon cadeau CHF 100\u00a0\u00bb a \u00e9t\u00e9 ajout\u00e9 \u00e0 votre panier\" role=\"button\">Ajouter au panier<\/a><\/div>\t<span id=\"woocommerce_loop_add_to_cart_link_describedby_20584\" class=\"screen-reader-text\">\n\t\t\t<\/span>\n<\/div><span class=\"gtm4wp_productdata\" style=\"display:none; visibility:hidden;\" data-gtm4wp_product_data=\"{&quot;internal_id&quot;:20584,&quot;item_id&quot;:20584,&quot;item_name&quot;:&quot;Bon cadeau CHF 100&quot;,&quot;sku&quot;:&quot;1f8d87e1161a&quot;,&quot;price&quot;:100,&quot;stocklevel&quot;:null,&quot;stockstatus&quot;:&quot;instock&quot;,&quot;google_business_vertical&quot;:&quot;retail&quot;,&quot;item_category&quot;:&quot;Bons d&#039;achat&quot;,&quot;id&quot;:20584,&quot;productlink&quot;:&quot;https:\\\/\\\/www.bertschi-cafe.ch\\\/fr\\\/produit\\\/bon-cadeau-chf-100\\\/&quot;,&quot;item_list_name&quot;:&quot;Liste g\\u00e9n\\u00e9rale des produits&quot;,&quot;index&quot;:1,&quot;product_type&quot;:&quot;simple&quot;,&quot;item_brand&quot;:&quot;&quot;}\"><\/span>\t\t\t<input type=\"hidden\" class=\"pmwProductId\" data-id=\"20584\">\n\t\t\t\t\t<script>\n\t\t\t(window.pmwDataLayer = window.pmwDataLayer || {}).products                = window.pmwDataLayer.products || {};\n\t\t\twindow.pmwDataLayer.products[20584] = {\"id\":\"20584\",\"sku\":\"1f8d87e1161a\",\"price\":100,\"brand\":\"\",\"quantity\":1,\"dyn_r_ids\":{\"post_id\":\"20584\",\"sku\":\"1f8d87e1161a\",\"gpf\":\"woocommerce_gpf_20584\",\"gla\":\"gla_20584\"},\"is_variable\":false,\"type\":\"simple\",\"name\":\"Bon cadeau CHF 100\",\"category\":[\"Bons d'achat\"],\"is_variation\":false};\n\t\t\t\t\twindow.pmw_product_position = window.pmw_product_position || 1;\n\t\twindow.pmwDataLayer.products[20584]['position'] = window.pmw_product_position++;\n\t\t\t\t<\/script>\n\t\t<\/li>\n<li class=\"product type-product post-20585 status-publish instock product_cat-gutscheine has-post-thumbnail purchasable product-type-simple\">\n\t<a href=\"https:\/\/www.bertschi-cafe.ch\/fr\/produit\/bon-cadeau-chf-50\/\" class=\"woocommerce-LoopProduct-link woocommerce-loop-product__link\"><img decoding=\"async\" width=\"300\" height=\"300\" src=\"https:\/\/www.bertschi-cafe.ch\/webseite\/wp-content\/uploads\/2024\/01\/bertschi-cafe-100-geschenkgutschein-300x300.jpg\" class=\"attachment-woocommerce_thumbnail size-woocommerce_thumbnail\" alt=\"Bon cadeau CHF 50\" srcset=\"https:\/\/www.bertschi-cafe.ch\/webseite\/wp-content\/uploads\/2024\/01\/bertschi-cafe-100-geschenkgutschein-300x300.jpg 300w, https:\/\/www.bertschi-cafe.ch\/webseite\/wp-content\/uploads\/2024\/01\/bertschi-cafe-100-geschenkgutschein-150x150.jpg 150w, https:\/\/www.bertschi-cafe.ch\/webseite\/wp-content\/uploads\/2024\/01\/bertschi-cafe-100-geschenkgutschein-100x100.jpg 100w, https:\/\/www.bertschi-cafe.ch\/webseite\/wp-content\/uploads\/2024\/01\/bertschi-cafe-100-geschenkgutschein.jpg 600w\" sizes=\"(max-width: 300px) 100vw, 300px\" \/><h2 class=\"woocommerce-loop-product__title\">Bon cadeau CHF 50<\/h2>\n\t<span class=\"price\"><span class=\"woocommerce-Price-amount amount\"><bdi><span class=\"woocommerce-Price-currencySymbol\">&#67;&#72;&#70;<\/span>&nbsp;50.00<\/bdi><\/span><\/span>\n<\/a><div class=\"custom-group\"><span class=\"price\"><span class=\"woocommerce-Price-amount amount\"><bdi><span class=\"woocommerce-Price-currencySymbol\">&#67;&#72;&#70;<\/span>&nbsp;50.00<\/bdi><\/span><\/span><div class=\"woocommerce-loop-product__buttons\"><a href=\"\/fr\/wp-json\/wp\/v2\/pages\/20114?add-to-cart=20585\" aria-describedby=\"woocommerce_loop_add_to_cart_link_describedby_20585\" data-quantity=\"1\" class=\"button product_type_simple add_to_cart_button ajax_add_to_cart\" data-product_id=\"20585\" data-product_sku=\"780261c4b9a5\" aria-label=\"Ajouter au panier\u00a0: &ldquo;Bon cadeau CHF 50&rdquo;\" rel=\"nofollow\" data-success_message=\"\u00ab\u00a0Bon cadeau CHF 50\u00a0\u00bb a \u00e9t\u00e9 ajout\u00e9 \u00e0 votre panier\" role=\"button\">Ajouter au panier<\/a><\/div>\t<span id=\"woocommerce_loop_add_to_cart_link_describedby_20585\" class=\"screen-reader-text\">\n\t\t\t<\/span>\n<\/div><span class=\"gtm4wp_productdata\" style=\"display:none; visibility:hidden;\" data-gtm4wp_product_data=\"{&quot;internal_id&quot;:20585,&quot;item_id&quot;:20585,&quot;item_name&quot;:&quot;Bon cadeau CHF 50&quot;,&quot;sku&quot;:&quot;780261c4b9a5&quot;,&quot;price&quot;:50,&quot;stocklevel&quot;:null,&quot;stockstatus&quot;:&quot;instock&quot;,&quot;google_business_vertical&quot;:&quot;retail&quot;,&quot;item_category&quot;:&quot;Bons d&#039;achat&quot;,&quot;id&quot;:20585,&quot;productlink&quot;:&quot;https:\\\/\\\/www.bertschi-cafe.ch\\\/fr\\\/produit\\\/bon-cadeau-chf-50\\\/&quot;,&quot;item_list_name&quot;:&quot;Liste g\\u00e9n\\u00e9rale des produits&quot;,&quot;index&quot;:2,&quot;product_type&quot;:&quot;simple&quot;,&quot;item_brand&quot;:&quot;&quot;}\"><\/span>\t\t\t<input type=\"hidden\" class=\"pmwProductId\" data-id=\"20585\">\n\t\t\t\t\t<script>\n\t\t\t(window.pmwDataLayer = window.pmwDataLayer || {}).products                = window.pmwDataLayer.products || {};\n\t\t\twindow.pmwDataLayer.products[20585] = {\"id\":\"20585\",\"sku\":\"780261c4b9a5\",\"price\":50,\"brand\":\"\",\"quantity\":1,\"dyn_r_ids\":{\"post_id\":\"20585\",\"sku\":\"780261c4b9a5\",\"gpf\":\"woocommerce_gpf_20585\",\"gla\":\"gla_20585\"},\"is_variable\":false,\"type\":\"simple\",\"name\":\"Bon cadeau CHF 50\",\"category\":[\"Bons d'achat\"],\"is_variation\":false};\n\t\t\t\t\twindow.pmw_product_position = window.pmw_product_position || 1;\n\t\twindow.pmwDataLayer.products[20585]['position'] = window.pmw_product_position++;\n\t\t\t\t<\/script>\n\t\t<\/li>\n<li class=\"product type-product post-20586 status-publish last instock product_cat-gutscheine has-post-thumbnail purchasable product-type-simple\">\n\t<a href=\"https:\/\/www.bertschi-cafe.ch\/fr\/produit\/bon-cadeau-chf-20\/\" class=\"woocommerce-LoopProduct-link woocommerce-loop-product__link\"><img decoding=\"async\" width=\"300\" height=\"300\" src=\"https:\/\/www.bertschi-cafe.ch\/webseite\/wp-content\/uploads\/2024\/01\/bertschi-cafe-100-geschenkgutschein-300x300.jpg\" class=\"attachment-woocommerce_thumbnail size-woocommerce_thumbnail\" alt=\"Bon cadeau CHF 20\" srcset=\"https:\/\/www.bertschi-cafe.ch\/webseite\/wp-content\/uploads\/2024\/01\/bertschi-cafe-100-geschenkgutschein-300x300.jpg 300w, https:\/\/www.bertschi-cafe.ch\/webseite\/wp-content\/uploads\/2024\/01\/bertschi-cafe-100-geschenkgutschein-150x150.jpg 150w, https:\/\/www.bertschi-cafe.ch\/webseite\/wp-content\/uploads\/2024\/01\/bertschi-cafe-100-geschenkgutschein-100x100.jpg 100w, https:\/\/www.bertschi-cafe.ch\/webseite\/wp-content\/uploads\/2024\/01\/bertschi-cafe-100-geschenkgutschein.jpg 600w\" sizes=\"(max-width: 300px) 100vw, 300px\" \/><h2 class=\"woocommerce-loop-product__title\">Bon cadeau CHF 20<\/h2>\n\t<span class=\"price\"><span class=\"woocommerce-Price-amount amount\"><bdi><span class=\"woocommerce-Price-currencySymbol\">&#67;&#72;&#70;<\/span>&nbsp;20.00<\/bdi><\/span><\/span>\n<\/a><div class=\"custom-group\"><span class=\"price\"><span class=\"woocommerce-Price-amount amount\"><bdi><span class=\"woocommerce-Price-currencySymbol\">&#67;&#72;&#70;<\/span>&nbsp;20.00<\/bdi><\/span><\/span><div class=\"woocommerce-loop-product__buttons\"><a href=\"\/fr\/wp-json\/wp\/v2\/pages\/20114?add-to-cart=20586\" aria-describedby=\"woocommerce_loop_add_to_cart_link_describedby_20586\" data-quantity=\"1\" class=\"button product_type_simple add_to_cart_button ajax_add_to_cart\" data-product_id=\"20586\" data-product_sku=\"d01f770d77f1\" aria-label=\"Ajouter au panier\u00a0: &ldquo;Bon cadeau CHF 20&rdquo;\" rel=\"nofollow\" data-success_message=\"\u00ab\u00a0Bon cadeau CHF 20\u00a0\u00bb a \u00e9t\u00e9 ajout\u00e9 \u00e0 votre panier\" role=\"button\">Ajouter au panier<\/a><\/div>\t<span id=\"woocommerce_loop_add_to_cart_link_describedby_20586\" class=\"screen-reader-text\">\n\t\t\t<\/span>\n<\/div><span class=\"gtm4wp_productdata\" style=\"display:none; visibility:hidden;\" data-gtm4wp_product_data=\"{&quot;internal_id&quot;:20586,&quot;item_id&quot;:20586,&quot;item_name&quot;:&quot;Bon cadeau CHF 20&quot;,&quot;sku&quot;:&quot;d01f770d77f1&quot;,&quot;price&quot;:20,&quot;stocklevel&quot;:null,&quot;stockstatus&quot;:&quot;instock&quot;,&quot;google_business_vertical&quot;:&quot;retail&quot;,&quot;item_category&quot;:&quot;Bons d&#039;achat&quot;,&quot;id&quot;:20586,&quot;productlink&quot;:&quot;https:\\\/\\\/www.bertschi-cafe.ch\\\/fr\\\/produit\\\/bon-cadeau-chf-20\\\/&quot;,&quot;item_list_name&quot;:&quot;Liste g\\u00e9n\\u00e9rale des produits&quot;,&quot;index&quot;:3,&quot;product_type&quot;:&quot;simple&quot;,&quot;item_brand&quot;:&quot;&quot;}\"><\/span>\t\t\t<input type=\"hidden\" class=\"pmwProductId\" data-id=\"20586\">\n\t\t\t\t\t<script>\n\t\t\t(window.pmwDataLayer = window.pmwDataLayer || {}).products                = window.pmwDataLayer.products || {};\n\t\t\twindow.pmwDataLayer.products[20586] = {\"id\":\"20586\",\"sku\":\"d01f770d77f1\",\"price\":20,\"brand\":\"\",\"quantity\":1,\"dyn_r_ids\":{\"post_id\":\"20586\",\"sku\":\"d01f770d77f1\",\"gpf\":\"woocommerce_gpf_20586\",\"gla\":\"gla_20586\"},\"is_variable\":false,\"type\":\"simple\",\"name\":\"Bon cadeau CHF 20\",\"category\":[\"Bons d'achat\"],\"is_variation\":false};\n\t\t\t\t\twindow.pmw_product_position = window.pmw_product_position || 1;\n\t\twindow.pmwDataLayer.products[20586]['position'] = window.pmw_product_position++;\n\t\t\t\t<\/script>\n\t\t<\/li>\n<\/ul>\n<\/div>\t\t\t\t<\/div>\n\t\t\t\t<\/div>\n\t\t\t\t\t<\/div>\n\t\t\t\t<\/div>\n\t\t\t\t<\/div>\n\t\t","protected":false},"excerpt":{"rendered":"<p>Bons d&rsquo;achat Ch\u00e8ques-cadeaux Offrez le vrai plaisir du caf\u00e9 avec un bon de Bertschi-Caf\u00e9. 0 produits<\/p>\n","protected":false},"author":2,"featured_media":0,"parent":0,"menu_order":0,"comment_status":"closed","ping_status":"closed","template":"","meta":{"_acf_changed":false,"_coblocks_attr":"","_coblocks_dimensions":"","_coblocks_responsive_height":"","_coblocks_accordion_ie_support":"","inline_featured_image":false,"_monsterinsights_skip_tracking":false,"_monsterinsights_sitenote_active":false,"_monsterinsights_sitenote_note":"","_monsterinsights_sitenote_category":0,"footnotes":""},"class_list":["post-20114","page","type-page","status-publish","hentry"],"acf":[],"aioseo_notices":[],"_links":{"self":[{"href":"https:\/\/www.bertschi-cafe.ch\/fr\/wp-json\/wp\/v2\/pages\/20114","targetHints":{"allow":["GET"]}}],"collection":[{"href":"https:\/\/www.bertschi-cafe.ch\/fr\/wp-json\/wp\/v2\/pages"}],"about":[{"href":"https:\/\/www.bertschi-cafe.ch\/fr\/wp-json\/wp\/v2\/types\/page"}],"author":[{"embeddable":true,"href":"https:\/\/www.bertschi-cafe.ch\/fr\/wp-json\/wp\/v2\/users\/2"}],"replies":[{"embeddable":true,"href":"https:\/\/www.bertschi-cafe.ch\/fr\/wp-json\/wp\/v2\/comments?post=20114"}],"version-history":[{"count":0,"href":"https:\/\/www.bertschi-cafe.ch\/fr\/wp-json\/wp\/v2\/pages\/20114\/revisions"}],"wp:attachment":[{"href":"https:\/\/www.bertschi-cafe.ch\/fr\/wp-json\/wp\/v2\/media?parent=20114"}],"curies":[{"name":"wp","href":"https:\/\/api.w.org\/{rel}","templated":true}]}}